{"id":7046,"date":"2026-04-26T23:44:42","date_gmt":"2026-04-26T23:44:42","guid":{"rendered":"https:\/\/wla.hallco.org\/web\/?page_id=7046"},"modified":"2026-04-26T23:44:42","modified_gmt":"2026-04-26T23:44:42","slug":"fy27-wla-elementary-title-i-parent-and-family-engagement-input-meeting","status":"publish","type":"page","link":"https:\/\/wla.hallco.org\/web\/fy27-wla-elementary-title-i-parent-and-family-engagement-input-meeting\/","title":{"rendered":"FY27 WLA Elementary Parent and Family Engagement Input Meeting Title I"},"content":{"rendered":"<section  class='av_textblock_section av-l0tft3b0-1edad60d11dc7e1786977b90cc916c2b '   itemscope=\"itemscope\" itemtype=\"https:\/\/schema.org\/CreativeWork\" ><div class='avia_textblock'  itemprop=\"text\" ><h1 style=\"text-align: center;\">WLA Elementary, Title I Parent and Family Engagement Input<\/h1>\n<h1 style=\"text-align: center;\"><\/h1>\n<h1 style=\"text-align: center;\">WLA Elementary, Reunion de Participaci\u00f3n y Sugerencias de Padres de Familias Titulo I<\/h1>\n<\/div><\/section>\n<div class='flex_column_table av-l0tflv06-f3e6375409cafadd913282e79c9e1577 sc-av_one_half av-equal-height-column-flextable'>\n<style type=\"text\/css\" data-created_by=\"avia_inline_auto\" id=\"style-css-av-l0tflv06-f3e6375409cafadd913282e79c9e1577\">\n.flex_column.av-l0tflv06-f3e6375409cafadd913282e79c9e1577{\nwidth:48.5%;\nmargin-left:0;\n}\n#top .flex_column_table.av-equal-height-column-flextable.av-l0tflv06-f3e6375409cafadd913282e79c9e1577 .av-flex-placeholder{\nwidth:3%;\n}\n<\/style>\n<div  class='flex_column av-l0tflv06-f3e6375409cafadd913282e79c9e1577 av_one_half  avia-builder-el-1  el_after_av_textblock  el_before_av_one_half  first flex_column_table_cell av-equal-height-column av-align-middle  column-top-margin'     ><style type=\"text\/css\" data-created_by=\"avia_inline_auto\" id=\"style-css-av-l0tfm5ce-1fee81d38dda714ebc52de51ad8afc2b\">\n#top .av_textblock_section.av-l0tfm5ce-1fee81d38dda714ebc52de51ad8afc2b .avia_textblock{\nfont-size:13px;\ncolor:#0a0a0a;\ntext-align:justify;\n}\n.avia-fold-unfold-section.av-fold-textblock-av-l0tfm5ce-1fee81d38dda714ebc52de51ad8afc2b .av-fold-unfold-container{\nmax-height:500px;\n}\n<\/style>\n<section id=\"avia_sc_text_2\" class='av_textblock_section av-l0tfm5ce-1fee81d38dda714ebc52de51ad8afc2b avia-fold-unfold-section avia-fold-textblock-wrap avia-fold-init av-fold-textblock-av-l0tfm5ce-1fee81d38dda714ebc52de51ad8afc2b align-left' data-fold_unfold=\"{&quot;type&quot;:&quot;avia-fold-unfold-section&quot;,&quot;height&quot;:&quot;500&quot;,&quot;more&quot;:&quot;Read more&quot;,&quot;less&quot;:&quot;Read less&quot;,&quot;context&quot;:&quot;avia_sc_text&quot;}\"  itemscope=\"itemscope\" itemtype=\"https:\/\/schema.org\/CreativeWork\" ><div class=\"av-fold-unfold-container folded\"><\/div><div class='av-fold-button-wrapper av-textblock-btn-wrap '><a href=\"#\" class=\"av-fold-button-container \" data-ignore_hash=\"1\" data-no_scroll_in_viewport=\"1\" data-scroll_top_offset=\"50\">Read more<\/a><\/div><div class='avia_textblock av_inherit_color'  itemprop=\"text\" ><p><strong>Dear Parents<\/strong>,<\/p>\n<p>Our goal is to help your child achieve academic success.<br \/>\nTo help us reach this goal, we invite all parents and family members to join us<br \/>\nand offer feedback on the School Comprehensive Needs Assessment, School\/District Improvement Plans, Parent and Family Engagement Policy, School-Parent Compact, Parent and Family Engagement Budget, and Building School Staff Capacity at our upcoming input meeting. Please see below for meeting details.<\/p>\n<table>\n<tbody>\n<tr>\n<td><b><strong>School Name:<\/strong><\/b><\/td>\n<td><b>World Language Academy Elementary<\/b><\/td>\n<\/tr>\n<tr>\n<td><b><strong>Date of Meeting:<\/strong>\u00a0<\/b><\/td>\n<td><b>Thursday, April 23, 2026<\/b><\/td>\n<\/tr>\n<tr>\n<td><b><strong>Time:<\/strong><\/b><\/td>\n<td><b>Zoom at 9:00 am \u00a0 \u00a0 &amp;\u00a0 \u00a0 \u00a0 In-Person at 6:00 pm<\/b><\/td>\n<\/tr>\n<tr>\n<td><b><strong>Location:<\/strong><\/b><\/td>\n<td><b>Zoom Link &#8211; 9:00 am<\/b><b>\u00a0<\/b><\/p>\n<p><a href=\"https:\/\/hallco.zoom.us\/j\/9794257106\"><b>https:\/\/hallco.zoom.us\/j\/9794257106<\/b><\/a><b>\u00a0<\/b><\/p>\n<p><b>In-Person &#8211; 6:00 pm<\/b><\/p>\n<p><b><strong>World Language Academy Elementary<\/strong><\/b><\/p>\n<p><b>4500 Allen Street<\/b><\/p>\n<p><b>Oakwood, GA 30566<\/b><\/td>\n<\/tr>\n<\/tbody>\n<\/table>\n<p>If you have any questions, please contact<br \/>\n<strong>Beverly Moody<\/strong> at 770-967-5854 or <a href=\"mailto:beverly.moody@hallco.org\">beverly.moody@hallco.org<\/a><\/p>\n<\/div><\/section><\/div><div class='av-flex-placeholder'><\/div>\n<style type=\"text\/css\" data-created_by=\"avia_inline_auto\" id=\"style-css-av-a79qs-fe6d93b45aa9cf42e3620f3598f8a390\">\n.flex_column.av-a79qs-fe6d93b45aa9cf42e3620f3598f8a390{\nwidth:48.5%;\nmargin-left:0;\n}\n#top .flex_column_table.av-equal-height-column-flextable.av-a79qs-fe6d93b45aa9cf42e3620f3598f8a390 .av-flex-placeholder{\nwidth:3%;\n}\n<\/style>\n<div  class='flex_column av-a79qs-fe6d93b45aa9cf42e3620f3598f8a390 av_one_half  avia-builder-el-3  el_after_av_one_half  avia-builder-el-last  flex_column_table_cell av-equal-height-column av-align-middle  column-top-margin'     ><style type=\"text\/css\" data-created_by=\"avia_inline_auto\" id=\"style-css-av-l0tfmdsd-7b4d8bc2b94c4c86ef5f2c74c15d0731\">\n#top .av_textblock_section.av-l0tfmdsd-7b4d8bc2b94c4c86ef5f2c74c15d0731 .avia_textblock{\nfont-size:12px;\ncolor:#0a0a0a;\n}\n<\/style>\n<section  class='av_textblock_section av-l0tfmdsd-7b4d8bc2b94c4c86ef5f2c74c15d0731 '   itemscope=\"itemscope\" itemtype=\"https:\/\/schema.org\/CreativeWork\" ><div class='avia_textblock av_inherit_color'  itemprop=\"text\" ><div dir=\"ltr\">\n<div class=\"x_WordSection1\">\n<table class=\"x_MsoNormalTable\" border=\"0\" cellspacing=\"0\" cellpadding=\"0\">\n<tbody>\n<tr>\n<td valign=\"top\" width=\"495\"><strong>Queridos padres\/tutores:<\/strong><\/td>\n<\/tr>\n<\/tbody>\n<\/table>\n<p><span style=\"font-weight: 400;\">Nuestra meta es ayudar a su hijo a lograr el \u00e9xito acad\u00e9mico.<\/span><span style=\"font-weight: 400;\"><br \/>\n<\/span><span style=\"font-weight: 400;\">Para lograr este objetivo, invitamos a todos los padres y familias<\/span><span style=\"font-weight: 400;\"><br \/>\n<\/span><span style=\"font-weight: 400;\">para darnos sus sugerencias acerca de la evaluaci\u00f3n integral de necesidades escolares, los planes de mejoras escolares\/distritales, plan de participaci\u00f3n de los padres y familia, convenio entre escuelas y\u00a0 padres, el presupuesto de participaci\u00f3n de padres y familia, adem\u00e1s de la capacitaci\u00f3n del personal escolar. <\/span><span style=\"font-weight: 400;\">Por favor vea abajo para detalles de la reuni\u00f3n.<\/span><\/p>\n<table>\n<tbody>\n<tr>\n<td><b><strong>Nombre de la Escuela:<\/strong><\/b><\/td>\n<td><b>World Language Academy Elementary<\/b><\/td>\n<\/tr>\n<tr>\n<td><b><strong>Fecha de la Reuni\u00f3n<\/strong> <\/b><\/td>\n<td><b>Jueves, 23 de Abril del 2026<\/b><\/td>\n<\/tr>\n<tr>\n<td><b><strong>Hora:<\/strong><\/b><\/td>\n<td><b>Zoom: 9:00 am &amp; En-Persona 6:00 pm<\/b><\/td>\n<\/tr>\n<tr>\n<td><b><strong>Lugar:<\/strong><\/b><\/td>\n<td><b>Enlace de Zoom &#8211; 9:00 am\u00a0<\/b><\/p>\n<p><b><\/b><b><a href=\"https:\/\/hallco.zoom.us\/j\/9794257106\">https:\/\/hallco.zoom.us\/j\/9794257106<\/a><\/b><b>\u00a0<\/b><\/p>\n<p><b>En Persona &#8211; 6:00 pm<\/b><\/p>\n<p><b><strong>World Language Academy Elementary<\/strong><\/b><\/p>\n<p><b>4500 Allen Street<\/b><\/p>\n<p><b>Oakwood, GA 30566<\/b><\/td>\n<\/tr>\n<\/tbody>\n<\/table>\n<\/div>\n<\/div>\n<p>Si tiene preguntas, por favor contacte a<br \/>\n<strong>Beverly Moody<\/strong> al 770-967-5854 or <a href=\"mailto:beverly.moody@hallco.org\">beverly.moody@hallco.org<\/a><\/p>\n<\/div><\/section><\/div><\/div><!--close column table wrapper. Autoclose: 1 --><\/p>\n","protected":false},"excerpt":{"rendered":"","protected":false},"author":9,"featured_media":0,"parent":0,"menu_order":0,"comment_status":"closed","ping_status":"closed","template":"","meta":{"_monsterinsights_skip_tracking":false,"_monsterinsights_sitenote_active":false,"_monsterinsights_sitenote_note":"","_monsterinsights_sitenote_category":0,"footnotes":""},"class_list":["post-7046","page","type-page","status-publish","hentry"],"_links":{"self":[{"href":"https:\/\/wla.hallco.org\/web\/wp-json\/wp\/v2\/pages\/7046","targetHints":{"allow":["GET"]}}],"collection":[{"href":"https:\/\/wla.hallco.org\/web\/wp-json\/wp\/v2\/pages"}],"about":[{"href":"https:\/\/wla.hallco.org\/web\/wp-json\/wp\/v2\/types\/page"}],"author":[{"embeddable":true,"href":"https:\/\/wla.hallco.org\/web\/wp-json\/wp\/v2\/users\/9"}],"replies":[{"embeddable":true,"href":"https:\/\/wla.hallco.org\/web\/wp-json\/wp\/v2\/comments?post=7046"}],"version-history":[{"count":13,"href":"https:\/\/wla.hallco.org\/web\/wp-json\/wp\/v2\/pages\/7046\/revisions"}],"predecessor-version":[{"id":7062,"href":"https:\/\/wla.hallco.org\/web\/wp-json\/wp\/v2\/pages\/7046\/revisions\/7062"}],"wp:attachment":[{"href":"https:\/\/wla.hallco.org\/web\/wp-json\/wp\/v2\/media?parent=7046"}],"curies":[{"name":"wp","href":"https:\/\/api.w.org\/{rel}","templated":true}]}}