{"id":7008,"date":"2026-03-26T03:49:09","date_gmt":"2026-03-26T03:49:09","guid":{"rendered":"https:\/\/wla.hallco.org\/web\/?page_id=7008"},"modified":"2026-03-26T11:20:45","modified_gmt":"2026-03-26T11:20:45","slug":"esplost","status":"publish","type":"page","link":"https:\/\/wla.hallco.org\/web\/esplost\/","title":{"rendered":"ESPLOST"},"content":{"rendered":"<section  class='av_textblock_section av-l0tft3b0-1edad60d11dc7e1786977b90cc916c2b '   itemscope=\"itemscope\" itemtype=\"https:\/\/schema.org\/CreativeWork\" ><div class='avia_textblock'  itemprop=\"text\" ><h1 style=\"text-align: center;\">INVESTING IN OUR STUDENTS<\/h1>\n<h1 style=\"text-align: center;\">INVIRTIENDO EN NUESTROS ESTUDIANTES<\/h1>\n<h1 style=\"text-align: center;\">SCHOOL ESPLOST VII<\/h1>\n<\/div><\/section>\n<div class='flex_column_table av-l0tflv06-f3e6375409cafadd913282e79c9e1577 sc-av_one_half av-equal-height-column-flextable'>\n<style type=\"text\/css\" data-created_by=\"avia_inline_auto\" id=\"style-css-av-l0tflv06-f3e6375409cafadd913282e79c9e1577\">\n.flex_column.av-l0tflv06-f3e6375409cafadd913282e79c9e1577{\nwidth:48.5%;\nmargin-left:0;\n}\n#top .flex_column_table.av-equal-height-column-flextable.av-l0tflv06-f3e6375409cafadd913282e79c9e1577 .av-flex-placeholder{\nwidth:3%;\n}\n<\/style>\n<div  class='flex_column av-l0tflv06-f3e6375409cafadd913282e79c9e1577 av_one_half  avia-builder-el-1  el_after_av_textblock  el_before_av_one_half  first flex_column_table_cell av-equal-height-column av-align-middle  column-top-margin'     ><style type=\"text\/css\" data-created_by=\"avia_inline_auto\" id=\"style-css-av-l0tfm5ce-1fee81d38dda714ebc52de51ad8afc2b\">\n#top .av_textblock_section.av-l0tfm5ce-1fee81d38dda714ebc52de51ad8afc2b .avia_textblock{\nfont-size:13px;\ncolor:#0a0a0a;\ntext-align:justify;\n}\n.avia-fold-unfold-section.av-fold-textblock-av-l0tfm5ce-1fee81d38dda714ebc52de51ad8afc2b .av-fold-unfold-container{\nmax-height:500px;\n}\n<\/style>\n<section id=\"avia_sc_text_2\" class='av_textblock_section av-l0tfm5ce-1fee81d38dda714ebc52de51ad8afc2b avia-fold-unfold-section avia-fold-textblock-wrap avia-fold-init av-fold-textblock-av-l0tfm5ce-1fee81d38dda714ebc52de51ad8afc2b align-left' data-fold_unfold=\"{&quot;type&quot;:&quot;avia-fold-unfold-section&quot;,&quot;height&quot;:&quot;500&quot;,&quot;more&quot;:&quot;Read more&quot;,&quot;less&quot;:&quot;Read less&quot;,&quot;context&quot;:&quot;avia_sc_text&quot;}\"  itemscope=\"itemscope\" itemtype=\"https:\/\/schema.org\/CreativeWork\" ><div class=\"av-fold-unfold-container folded\"><\/div><div class='av-fold-button-wrapper av-textblock-btn-wrap '><a href=\"#\" class=\"av-fold-button-container \" data-ignore_hash=\"1\" data-no_scroll_in_viewport=\"1\" data-scroll_top_offset=\"50\">Read more<\/a><\/div><div class='avia_textblock av_inherit_color'  itemprop=\"text\" ><p>Dear Parents and Guardians,<br \/>\nOn May 19, 2026, Hall County voters will have the opportunity to vote on the upcoming<br \/>\nESPLOST VII referendum. We encourage all families to vote their conscience and to take<br \/>\nadvantage of the informational resources available to learn more about how ESPLOST has<br \/>\nsupported our schools.<br \/>\nFamilies are invited to:<br \/>\n\u25cf Watch the district\u2019s informational <a href=\"https:\/\/www.youtube.com\/watch?v=DvcDoLmMNo0\">video<\/a><br \/>\n\u25cf Visit the district <a href=\"https:\/\/esplost.hallco.org\/\">ESPLOST website<\/a><br \/>\nThe district will also host informational meetings by school cluster to share how ESPLOST has<br \/>\nhelped fund the district\u2019s 10-Year Facility Plan and supported academic and extracurricular<br \/>\nprograms. All meetings begin at 6:30 PM.<br \/>\nMeeting Dates and Locations<br \/>\n\u25cf March 17, 2026 \u2014 Johnson High School<br \/>\n\u25cf March 19, 2026 \u2014 Cherokee Bluff High School<br \/>\n\u25cf March 26, 2026 \u2014 Flowery Branch High School<br \/>\n\u25cf March 31, 2026 \u2014 North Hall High School<br \/>\n\u25cf April 16, 2026 \u2014 West Hall High School<br \/>\n\u25cf April 21, 2026 \u2014 Chestatee High School<br \/>\n\u25cf April 23, 2026 \u2014 East Hall High School<br \/>\nWe encourage stakeholders to attend one of these meetings to learn more about the proposed<br \/>\nimplementation of the district\u2019s 10-Year Facility Plan should the ESPLOST VII referendum pass<br \/>\non May 19, 2026.<br \/>\nThank you for staying informed and engaged in our school community.<br \/>\nSincerely,<\/p>\n<p>Hall County School District<\/p>\n<\/div><\/section><\/div>\n<div class='av-flex-placeholder'><\/div>\n<style type=\"text\/css\" data-created_by=\"avia_inline_auto\" id=\"style-css-av-a79qs-fe6d93b45aa9cf42e3620f3598f8a390\">\n.flex_column.av-a79qs-fe6d93b45aa9cf42e3620f3598f8a390{\nwidth:48.5%;\nmargin-left:0;\n}\n#top .flex_column_table.av-equal-height-column-flextable.av-a79qs-fe6d93b45aa9cf42e3620f3598f8a390 .av-flex-placeholder{\nwidth:3%;\n}\n<\/style>\n<div  class='flex_column av-a79qs-fe6d93b45aa9cf42e3620f3598f8a390 av_one_half  avia-builder-el-3  el_after_av_one_half  avia-builder-el-last  flex_column_table_cell av-equal-height-column av-align-middle  column-top-margin'     ><style type=\"text\/css\" data-created_by=\"avia_inline_auto\" id=\"style-css-av-l0tfmdsd-7b4d8bc2b94c4c86ef5f2c74c15d0731\">\n#top .av_textblock_section.av-l0tfmdsd-7b4d8bc2b94c4c86ef5f2c74c15d0731 .avia_textblock{\nfont-size:12px;\ncolor:#0a0a0a;\n}\n<\/style>\n<section  class='av_textblock_section av-l0tfmdsd-7b4d8bc2b94c4c86ef5f2c74c15d0731 '   itemscope=\"itemscope\" itemtype=\"https:\/\/schema.org\/CreativeWork\" ><div class='avia_textblock av_inherit_color'  itemprop=\"text\" ><p>Estimados padres y tutores:<br \/>\nEl 19 de Mayo de 2026, los votantes del Condado de Hall tendr\u00e1n la oportunidad de votar en el<br \/>\npr\u00f3ximo refer\u00e9ndum de ESPLOST VII. Animamos a todas las familias a votar seg\u00fan su criterio y<br \/>\na aprovechar los recursos informativos disponibles para conocer m\u00e1s sobre c\u00f3mo ESPLOST ha<br \/>\napoyado a nuestras escuelas.<br \/>\nSe invita a las familias a:<br \/>\n\u2022 Ver el <a href=\"https:\/\/youtu.be\/GLEQeFYF9Ak?si=rUcfs6Q-qCBnUn-A\">video<\/a> informativo del distrito<br \/>\n\u2022 Visitar el sitio web de <a href=\"https:\/\/esplost.hallco.org\/\">ESPLOST<\/a> del distrito<br \/>\nEl distrito tambi\u00e9n organizar\u00e1 reuniones informativas por grupo escolar para compartir c\u00f3mo<br \/>\nESPLOST ha ayudado a financiar el Plan de Instalaciones de 10 A\u00f1os del distrito y ha apoyado<br \/>\nlos programas acad\u00e9micos y extracurriculares. Todas las reuniones comienzan a las 6:30pm<br \/>\nFechas y lugares de las reuniones<br \/>\n\u2022 17 de Marzo de 2026 \u2014 Preparatoria Johnson<br \/>\n\u2022 19 de Marzo de 2026 \u2014 Preparatoria Cherokee Bluff<br \/>\n\u2022 26 de Marzo de 2026 \u2014 Preparatoria Flowery Branch<br \/>\n\u2022 31 de Marzo de 2026 \u2014 Preparatoria North Hall<br \/>\n\u2022 16 de Abril de 2026 \u2014 Preparatoria West Hall<br \/>\n\u2022 21 de Abril de 2026 \u2014 Preparatoria Chestatee<br \/>\n\u2022 23 de Abril de 2026 \u2014 Preparatoria East Hall<br \/>\nAnimamos a las partes interesadas a asistir a una de estas reuniones para obtener m\u00e1s<br \/>\ninformaci\u00f3n sobre la implementaci\u00f3n propuesta del Plan de Instalaciones de 10 A\u00f1os del<br \/>\ndistrito, en caso de que se apruebe el refer\u00e9ndum ESPLOST VII el 19 de Mayo de 2026.<br \/>\nGracias por mantenerse informados y participar activamente en nuestra comunidad escolar.<br \/>\nAtentamente,<br \/>\nDistrito Escolar del Condado de Hall<\/p>\n<\/div><\/section><\/div><\/div><!--close column table wrapper. Autoclose: 1 -->\n","protected":false},"excerpt":{"rendered":"","protected":false},"author":9,"featured_media":0,"parent":0,"menu_order":0,"comment_status":"closed","ping_status":"closed","template":"","meta":{"_monsterinsights_skip_tracking":false,"_monsterinsights_sitenote_active":false,"_monsterinsights_sitenote_note":"","_monsterinsights_sitenote_category":0,"footnotes":""},"class_list":["post-7008","page","type-page","status-publish","hentry"],"_links":{"self":[{"href":"https:\/\/wla.hallco.org\/web\/wp-json\/wp\/v2\/pages\/7008","targetHints":{"allow":["GET"]}}],"collection":[{"href":"https:\/\/wla.hallco.org\/web\/wp-json\/wp\/v2\/pages"}],"about":[{"href":"https:\/\/wla.hallco.org\/web\/wp-json\/wp\/v2\/types\/page"}],"author":[{"embeddable":true,"href":"https:\/\/wla.hallco.org\/web\/wp-json\/wp\/v2\/users\/9"}],"replies":[{"embeddable":true,"href":"https:\/\/wla.hallco.org\/web\/wp-json\/wp\/v2\/comments?post=7008"}],"version-history":[{"count":4,"href":"https:\/\/wla.hallco.org\/web\/wp-json\/wp\/v2\/pages\/7008\/revisions"}],"predecessor-version":[{"id":7020,"href":"https:\/\/wla.hallco.org\/web\/wp-json\/wp\/v2\/pages\/7008\/revisions\/7020"}],"wp:attachment":[{"href":"https:\/\/wla.hallco.org\/web\/wp-json\/wp\/v2\/media?parent=7008"}],"curies":[{"name":"wp","href":"https:\/\/api.w.org\/{rel}","templated":true}]}}