{"id":6120,"date":"2024-03-04T17:49:32","date_gmt":"2024-03-04T17:49:32","guid":{"rendered":"https:\/\/wla.hallco.org\/web\/?page_id=6120"},"modified":"2025-02-08T16:10:01","modified_gmt":"2025-02-08T16:10:01","slug":"2024-2025parentsurvey","status":"publish","type":"page","link":"https:\/\/wla.hallco.org\/web\/2024-2025parentsurvey\/","title":{"rendered":"2025-2026ParentSurvey"},"content":{"rendered":"<div  class='flex_column av-2gbklk-cf88a9229a7e928094e9a8ef429c6250 av_three_fourth  avia-builder-el-0  el_before_av_textblock  avia-builder-el-first  first flex_column_div  '     ><\/div>\n<section  class='av_textblock_section av-l0tft3b0-8869df8f49114c9ae84bfcd929d9a813 '   itemscope=\"itemscope\" itemtype=\"https:\/\/schema.org\/CreativeWork\" ><div class='avia_textblock'  itemprop=\"text\" ><h1 style=\"text-align: center;\">FY26 WLA Elementary Parent and Family Engagement Survey<\/h1>\n<\/div><\/section>\n<div  class='flex_column av-l0tflv06-f4e2008fee10bd65d936ca7aa9d2ddbb av_one_half  avia-builder-el-2  el_after_av_textblock  el_before_av_one_half  first flex_column_div  column-top-margin'     ><style type=\"text\/css\" data-created_by=\"avia_inline_auto\" id=\"style-css-av-l0tfm5ce-385716b008e488cee6939818b1026126\">\n#top .av_textblock_section.av-l0tfm5ce-385716b008e488cee6939818b1026126 .avia_textblock{\nfont-size:13px;\ncolor:#0a0a0a;\n}\n<\/style>\n<section  class='av_textblock_section av-l0tfm5ce-385716b008e488cee6939818b1026126 '   itemscope=\"itemscope\" itemtype=\"https:\/\/schema.org\/CreativeWork\" ><div class='avia_textblock av_inherit_color'  itemprop=\"text\" ><p>Dear Parents,<\/p>\n<p>As we continuously seek to improve the Hall County School District, we want to know how you, as a parent or guardian, feel the schools and the district are doing to meet the needs of students and all stakeholders. Please help us by completing the survey online.<\/p>\n<p>The information that you provide will help us evaluate and improve how our schools, district, families, and parents work together to help all students achieve academic success.<\/p>\n<p>Please click the link below to complete the survey online.<\/p>\n<p>Your opinions and suggestions are valuable, and we thank you for your input.<\/p>\n<\/div><\/section><\/div>\n<div  class='flex_column av-a79qs-fe6d93b45aa9cf42e3620f3598f8a390 av_one_half  avia-builder-el-4  el_after_av_one_half  el_before_av_button  flex_column_div  column-top-margin'     ><style type=\"text\/css\" data-created_by=\"avia_inline_auto\" id=\"style-css-av-l0tfmdsd-8bbadda933640976db3be87ca9177057\">\n#top .av_textblock_section.av-l0tfmdsd-8bbadda933640976db3be87ca9177057 .avia_textblock{\nfont-size:12px;\ncolor:#0a0a0a;\n}\n<\/style>\n<section  class='av_textblock_section av-l0tfmdsd-8bbadda933640976db3be87ca9177057 '   itemscope=\"itemscope\" itemtype=\"https:\/\/schema.org\/CreativeWork\" ><div class='avia_textblock av_inherit_color'  itemprop=\"text\" ><div dir=\"ltr\">\n<div class=\"x_WordSection1\">\n<table class=\"x_MsoNormalTable\" border=\"0\" cellspacing=\"0\" cellpadding=\"0\">\n<tbody>\n<tr>\n<td valign=\"top\" width=\"495\">Queridos padres\/tutores,<\/p>\n<p>Debido a que buscamos continuamente mejorar el Distrito Escolar del Condado de Hall, queremos saber c\u00f3mo usted, como padre o tutor, siente que las escuelas y el distrito est\u00e1n trabajando para satisfacer las necesidades de los estudiantes y todos los miembros de la comunidad. Ay\u00fadenos con este proceso completando la encuesta en l\u00ednea.<\/p>\n<p>La informaci\u00f3n que nos proporcione nos ayudar\u00e1 a evaluar y mejorar la manera en que nuestras escuelas, distrito, familias y padres trabajan juntos para ayudar a todos los estudiantes a lograr el \u00e9xito acad\u00e9mico.<\/p>\n<p>Por favor presione en el enlace (link) de abajo para completar la encuesta en l\u00ednea.<\/p>\n<p>Sus opiniones y sugerencias son muy valiosas, y le agradecemos su aporte.<\/td>\n<\/tr>\n<\/tbody>\n<\/table>\n<\/div>\n<\/div>\n<\/div><\/section><\/div><div  class='avia-button-wrap av-l0tfq8rk-39ac32702ece392fd678d1603fd95fe5-wrap avia_animated_button av-animated-when-visible-95 pop-up avia-button-center  avia-builder-el-6  el_after_av_one_half  avia-builder-el-last '>\n<style type=\"text\/css\" data-created_by=\"avia_inline_auto\" id=\"style-css-av-l0tfq8rk-39ac32702ece392fd678d1603fd95fe5\">\n.avia_transform  .avia-button-wrap.av-l0tfq8rk-39ac32702ece392fd678d1603fd95fe5-wrap{\nanimation-duration:5s;\n}\n#top #wrap_all .avia-button.av-l0tfq8rk-39ac32702ece392fd678d1603fd95fe5{\nbox-shadow: 0px 0px 0px 0px ;\ntransition:all 0.4s ease-in-out;\n}\n<\/style>\n<a href='https:\/\/forms.gle\/6LAmV4CSRLYUUN2v9'  class='avia-button av-l0tfq8rk-39ac32702ece392fd678d1603fd95fe5 av-link-btn avia-icon_select-yes-left-icon avia-size-x-large avia-position-center avia-color-theme-color'  target=\"_blank\"  rel=\"noopener noreferrer\"  aria-label=\"CLICK for PARENT AND FAMILY ENGAGEMENT SURVEY\"><span class='avia_button_icon avia_button_icon_left avia-iconfont avia-font-entypo-fontello' data-av_icon='\ue844' data-av_iconfont='entypo-fontello' ><\/span><span class='avia_iconbox_title' >CLICK for PARENT AND FAMILY ENGAGEMENT SURVEY<\/span><\/a><\/div><\/p>\n","protected":false},"excerpt":{"rendered":"","protected":false},"author":9,"featured_media":0,"parent":0,"menu_order":0,"comment_status":"closed","ping_status":"closed","template":"","meta":{"_monsterinsights_skip_tracking":false,"_monsterinsights_sitenote_active":false,"_monsterinsights_sitenote_note":"","_monsterinsights_sitenote_category":0,"footnotes":""},"class_list":["post-6120","page","type-page","status-publish","hentry"],"_links":{"self":[{"href":"https:\/\/wla.hallco.org\/web\/wp-json\/wp\/v2\/pages\/6120","targetHints":{"allow":["GET"]}}],"collection":[{"href":"https:\/\/wla.hallco.org\/web\/wp-json\/wp\/v2\/pages"}],"about":[{"href":"https:\/\/wla.hallco.org\/web\/wp-json\/wp\/v2\/types\/page"}],"author":[{"embeddable":true,"href":"https:\/\/wla.hallco.org\/web\/wp-json\/wp\/v2\/users\/9"}],"replies":[{"embeddable":true,"href":"https:\/\/wla.hallco.org\/web\/wp-json\/wp\/v2\/comments?post=6120"}],"version-history":[{"count":16,"href":"https:\/\/wla.hallco.org\/web\/wp-json\/wp\/v2\/pages\/6120\/revisions"}],"predecessor-version":[{"id":6973,"href":"https:\/\/wla.hallco.org\/web\/wp-json\/wp\/v2\/pages\/6120\/revisions\/6973"}],"wp:attachment":[{"href":"https:\/\/wla.hallco.org\/web\/wp-json\/wp\/v2\/media?parent=6120"}],"curies":[{"name":"wp","href":"https:\/\/api.w.org\/{rel}","templated":true}]}}