{"id":5896,"date":"2023-05-01T23:30:51","date_gmt":"2023-05-01T23:30:51","guid":{"rendered":"https:\/\/wla.hallco.org\/web\/?page_id=5896"},"modified":"2024-02-27T13:08:38","modified_gmt":"2024-02-27T13:08:38","slug":"hcsd-parent-and-family-engagement","status":"publish","type":"page","link":"https:\/\/wla.hallco.org\/web\/hcsd-parent-and-family-engagement\/","title":{"rendered":"FY25 WLA Elementary Parent and Family Engagement Survey 2024-2025\/ Encuesta de Padres y Familias 2024-2025"},"content":{"rendered":"\n<style type=\"text\/css\" data-created_by=\"avia_inline_auto\" id=\"style-css-av-lh552f80-52166736a5617bbc1cbaf7705fcb273f\">\n#top .av_textblock_section.av-lh552f80-52166736a5617bbc1cbaf7705fcb273f .avia_textblock{\ncolor:#001368;\n}\n<\/style>\n<section  class='av_textblock_section av-lh552f80-52166736a5617bbc1cbaf7705fcb273f '   itemscope=\"itemscope\" itemtype=\"https:\/\/schema.org\/CreativeWork\" ><div class='avia_textblock av_inherit_color'  itemprop=\"text\" ><h2 style=\"text-align: center;\">Hall County School District<\/h2>\n<h2 style=\"text-align: center;\">WLA Elementary<\/h2>\n<h2 style=\"text-align: center;\">Parent and Family Engagement Survey 2024-2025<\/h2>\n<h2 style=\"text-align: center;\">Encuesta de Padres y Familias 2024-2025<\/h2>\n<\/div><\/section>\n<\/div><\/div><\/div><!-- close content main div --><\/div><\/div><div id='av-tab-section-1'  class='av-tab-section-container entry-content-wrapper main_color av-tab-no-transition   av-tab-above-content  avia-builder-el-1  el_after_av_textblock  el_before_av_one_half  tab-section-not-first container_wrap sidebar_right'  ><div class='av-tab-section-outer-container av-2y8pqg-217b938850bc61a4ff7036be014b2b61'><div class='av-tab-section-tab-title-container avia-tab-title-padding-large' role='tablist'><a href='#english' data-av-tab-section-title='1' class='av-section-tab-title av-active-tab-title no-scroll av-lh5j45ot-97539848791a592656488e442793812e av-tab-with-icon av-tab-no-image ' role='tab' tabindex='0' aria-controls='av-tab-section-1-1'><span class='av-tab-section-icon avia-iconfont avia-font-entypo-fontello' data-av_icon='\ue89a' data-av_iconfont='entypo-fontello' ><\/span><span class='av-outer-tab-title'><span class='av-inner-tab-title'>English<\/span><\/span><span class=\"av-tab-arrow-container\"><span><\/span><\/span><\/a><a href='#espaol' data-av-tab-section-title='2' class='av-section-tab-title  av-lh5j4loh-184dd13b9677afe0bcd1827a5f20c22d av-tab-with-icon av-tab-no-image ' role='tab' tabindex='0' aria-controls='av-tab-section-1-2'><span class='av-tab-section-icon avia-iconfont avia-font-entypo-fontello' data-av_icon='\ue897' data-av_iconfont='entypo-fontello' ><\/span><span class='av-outer-tab-title'><span class='av-inner-tab-title'>Espa\u00f1ol<\/span><\/span><span class=\"av-tab-arrow-container\"><span><\/span><\/span><\/a><\/div><div class='avia-slideshow-arrows av-tabsection-arrow' ><a href='#prev' class='prev-slide av_prev_tab_section av-tab-section-slide avia-svg-icon avia-font-svg_entypo-fontello' data-av_svg_icon='left-open-big' data-av_iconset='svg_entypo-fontello' tabindex='-1' title=\"Previous\"><svg version=\"1.1\" xmlns=\"http:\/\/www.w3.org\/2000\/svg\" width=\"15\" height=\"32\" viewBox=\"0 0 15 32\" preserveAspectRatio=\"xMidYMid meet\" aria-labelledby='av-svg-title-1' aria-describedby='av-svg-desc-1' role=\"graphics-symbol\" aria-hidden=\"true\">\n<title id='av-svg-title-1'>Previous<\/title>\n<desc id='av-svg-desc-1'>Previous<\/desc>\n<path d=\"M14.464 27.84q0.832 0.832 0 1.536-0.832 0.832-1.536 0l-12.544-12.608q-0.768-0.768 0-1.6l12.544-12.608q0.704-0.832 1.536 0 0.832 0.704 0 1.536l-11.456 11.904z\"><\/path>\n<\/svg><span class='avia_hidden_link_text'>Previous<\/span><\/a><a href='#next' class='next-slide av_next_tab_section av-tab-section-slide avia-svg-icon avia-font-svg_entypo-fontello' data-av_svg_icon='right-open-big' data-av_iconset='svg_entypo-fontello' tabindex='-1' title=\"Next\"><svg version=\"1.1\" xmlns=\"http:\/\/www.w3.org\/2000\/svg\" width=\"15\" height=\"32\" viewBox=\"0 0 15 32\" preserveAspectRatio=\"xMidYMid meet\" aria-labelledby='av-svg-title-2' aria-describedby='av-svg-desc-2' role=\"graphics-symbol\" aria-hidden=\"true\">\n<title id='av-svg-title-2'>Next<\/title>\n<desc id='av-svg-desc-2'>Next<\/desc>\n<path d=\"M0.416 27.84l11.456-11.84-11.456-11.904q-0.832-0.832 0-1.536 0.832-0.832 1.536 0l12.544 12.608q0.768 0.832 0 1.6l-12.544 12.608q-0.704 0.832-1.536 0-0.832-0.704 0-1.536z\"><\/path>\n<\/svg><span class='avia_hidden_link_text'>Next<\/span><\/a><\/div><div class='av-tab-section-inner-container avia-section-default' style='width:200vw; left:0%;'><span class=\"av_prev_tab_section av_tab_navigation\"><\/span><span class=\"av_next_tab_section av_tab_navigation\"><\/span>\n\n<style type=\"text\/css\" data-created_by=\"avia_inline_auto\" id=\"style-css-av-lh5j45ot-97539848791a592656488e442793812e\">\n.av-layout-tab.av-lh5j45ot-97539848791a592656488e442793812e{\nvertical-align:top;\n}\n<\/style>\n<div id='av-tab-section-1-1' class='av-layout-tab av-lh5j45ot-97539848791a592656488e442793812e av-animation-delay-container  avia-builder-el-2  el_before_av_tab_sub_section  avia-builder-el-first  av-active-tab-content __av_init_open ' data-av-deeplink-tabs=\"\" data-av-tab-section-content=\"1\" data-tab-section-id=\"english\"><div class=\"av-layout-tab-inner\"><div class=\"container\"><\/div><\/div><\/div>\n<style type=\"text\/css\" data-created_by=\"avia_inline_auto\" id=\"style-css-av-lh5j4loh-184dd13b9677afe0bcd1827a5f20c22d\">\n.av-layout-tab.av-lh5j4loh-184dd13b9677afe0bcd1827a5f20c22d{\nvertical-align:top;\n}\n<\/style>\n<div id='av-tab-section-1-2' class='av-layout-tab av-lh5j4loh-184dd13b9677afe0bcd1827a5f20c22d av-animation-delay-container ' data-av-deeplink-tabs=\"\" data-av-tab-section-content=\"2\" data-tab-section-id=\"espaol\"><div class=\"av-layout-tab-inner\"><div class=\"container\"><p><section  class='av_textblock_section av-lh557fzo-f1b045800f6784a0310f7c54dd6e13f6 '   itemscope=\"itemscope\" itemtype=\"https:\/\/schema.org\/CreativeWork\" ><div class='avia_textblock'  itemprop=\"text\" ><p><span lang=\"ES\">Queridos Padres,<\/span><\/p>\n<p><span lang=\"ES\">El Distrito Escolar del Condado de Hall est\u00e1 programado para renovar su acreditaci\u00f3n en febrero de 2024. La acreditaci\u00f3n garantiza que nosotros, como distrito, brindemos a nuestros estudiantes una educaci\u00f3n de calidad a trav\u00e9s de una mejora medible y significativa. Debido a que World Language Academy<\/span><span lang=\"ES\">\u00a0<\/span><span lang=\"ES\">valora nuestra asociaci\u00f3n con los padres, su opini\u00f3n es fundamental para este proceso de un a\u00f1o.<\/span><\/p>\n<p><span lang=\"ES\">World Language Academy <\/span><span lang=\"ES\">agradecer\u00eda mucho que vaya al enlace a continuaci\u00f3n para completar una breve encuesta para padres que nos brindar\u00e1 comentarios valiosos. Se les pide a los padres\/tutores que tienen m\u00e1s de un estudiante en los grados 3-12 que completen una Encuesta familiar por separado para cada escuela en la que tengan un estudiante inscrito. Esto le permite al distrito capturar su experiencia con cada escuela.<\/span><\/p>\n<p><span lang=\"ES\">Tenga en cuenta: Esta encuesta es independiente de la Encuesta de participaci\u00f3n de padres y familias de programas federales que se comparte con muchas de nuestras familias. La informaci\u00f3n recopilada de ambos es clave para ayudarnos a satisfacer las necesidades de todos los estudiantes, y le agradecemos de antemano su participaci\u00f3n.<\/span><\/p>\n<\/div><\/section><br \/>\n<div  class='avia-button-wrap av-lh5gj49o-0d4b5166247e05e28ff42ee563fdbd0b-wrap avia-button-center  avia-builder-el-4  el_after_av_textblock  avia-builder-el-last '><a href='https:\/\/docs.google.com\/forms\/d\/e\/1FAIpQLSeFBdTdObcuxsNub1Rv-LboIaJtZoRbwpUewfb00glMBiInew\/viewform'  class='avia-button av-lh5gj49o-0d4b5166247e05e28ff42ee563fdbd0b av-link-btn avia-icon_select-yes-left-icon avia-size-x-large avia-position-center avia-color-theme-color'  target=\"_blank\"  rel=\"noopener noreferrer\"  aria-label=\"CLIC para HCSD - Encuesta Familiar Cognia ASP\"><span class='avia_button_icon avia_button_icon_left avia-iconfont avia-font-entypo-fontello' data-av_icon='\ue844' data-av_iconfont='entypo-fontello' ><\/span><span class='avia_iconbox_title' >CLIC para HCSD - Encuesta Familiar Cognia ASP<\/span><\/a><\/div><\/p>\n<\/div><\/div><\/div><\/div><\/div><\/div><div id='after_tab_section_1'  class='main_color av_default_container_wrap container_wrap sidebar_right'  ><div class='container av-section-cont-open' ><div class='template-page content  av-content-small alpha units'><div class='post-entry post-entry-type-page post-entry-5896'><div class='entry-content-wrapper clearfix'>\n<style type=\"text\/css\" data-created_by=\"avia_inline_auto\" id=\"style-css-av-lh5fxgny-954feca353aa47c941efe0ca5a3162f1\">\n.flex_column.av-lh5fxgny-954feca353aa47c941efe0ca5a3162f1{\nbackground-color:#ffffff;\n}\n<\/style>\n<div  class='flex_column av-lh5fxgny-954feca353aa47c941efe0ca5a3162f1 av_one_half first flex_column_div  '     ><\/div><\/p>\n\n<style type=\"text\/css\" data-created_by=\"avia_inline_auto\" id=\"style-css-av-lh5ga76f-59f57e4bc90b81b50130d2161be31e1b\">\n@keyframes av_boxShadowEffect_av-lh5ga76f-59f57e4bc90b81b50130d2161be31e1b-row {\n0%   { box-shadow:  0 0 0 0 #e8e8e8; opacity: 1; }\n100% { box-shadow:  0 0 10px 0 #e8e8e8; opacity: 1; }\n}\n.flex_column_table.av-equal-height-column-flextable.av-lh5ga76f-59f57e4bc90b81b50130d2161be31e1b{\nbox-shadow: 0 0 10px 0 #e8e8e8;\n}\n<\/style>\n<div  class='flex_column av-lh5ga76f-59f57e4bc90b81b50130d2161be31e1b av_one_half flex_column_div  '     ><\/div>\n","protected":false},"excerpt":{"rendered":"","protected":false},"author":9,"featured_media":0,"parent":0,"menu_order":0,"comment_status":"closed","ping_status":"closed","template":"","meta":{"_monsterinsights_skip_tracking":false,"_monsterinsights_sitenote_active":false,"_monsterinsights_sitenote_note":"","_monsterinsights_sitenote_category":0,"footnotes":""},"class_list":["post-5896","page","type-page","status-publish","hentry"],"_links":{"self":[{"href":"https:\/\/wla.hallco.org\/web\/wp-json\/wp\/v2\/pages\/5896","targetHints":{"allow":["GET"]}}],"collection":[{"href":"https:\/\/wla.hallco.org\/web\/wp-json\/wp\/v2\/pages"}],"about":[{"href":"https:\/\/wla.hallco.org\/web\/wp-json\/wp\/v2\/types\/page"}],"author":[{"embeddable":true,"href":"https:\/\/wla.hallco.org\/web\/wp-json\/wp\/v2\/users\/9"}],"replies":[{"embeddable":true,"href":"https:\/\/wla.hallco.org\/web\/wp-json\/wp\/v2\/comments?post=5896"}],"version-history":[{"count":13,"href":"https:\/\/wla.hallco.org\/web\/wp-json\/wp\/v2\/pages\/5896\/revisions"}],"predecessor-version":[{"id":6851,"href":"https:\/\/wla.hallco.org\/web\/wp-json\/wp\/v2\/pages\/5896\/revisions\/6851"}],"wp:attachment":[{"href":"https:\/\/wla.hallco.org\/web\/wp-json\/wp\/v2\/media?parent=5896"}],"curies":[{"name":"wp","href":"https:\/\/api.w.org\/{rel}","templated":true}]}}