{"id":3234,"date":"2019-03-11T08:55:59","date_gmt":"2019-03-11T12:55:59","guid":{"rendered":"https:\/\/wla.hallco.org\/web\/?page_id=3234"},"modified":"2019-03-11T08:55:59","modified_gmt":"2019-03-11T12:55:59","slug":"teacher-appreciation-week","status":"publish","type":"page","link":"https:\/\/wla.hallco.org\/web\/teacher-appreciation-week\/","title":{"rendered":"Teacher Appreciation Week"},"content":{"rendered":"<p><img loading=\"lazy\" decoding=\"async\" class=\"wp-image-2834 alignleft\" src=\"https:\/\/wla.hallco.org\/web\/wp-content\/uploads\/teacher-appreciation-week.jpg\" alt=\"\" width=\"338\" height=\"263\" \/><\/p>\n<p style=\"text-align: left;\"><span style=\"font-size: 12pt;\"><strong>WLA ES March 11-15<\/strong><\/span><\/p>\n<p style=\"text-align: left;\"><span style=\"font-size: 12pt;\">It\u2019s time to let our teachers and staff know how special they are and to thank them for all they do for our children every day! We have planned something special for each day of the week and hope you will be able to participate in at least some of the surprises.<\/span><\/p>\n<hr \/>\n<p style=\"text-align: left;\"><span style=\"font-size: 12pt;\"><strong>WLA ES Marzo 11-15<\/strong><\/span><\/p>\n<p style=\"text-align: left;\"><span style=\"font-size: 12pt;\">\u00a1Es hora de que nuestros maestros y personal sepan lo especial que son y agradecerles por todo lo que hacen por nuestros ni\u00f1os todos los d\u00edas! Hemos planeado algo especial para cada d\u00eda de la semana y esperamos que pueda participar en por lo menos alguna de las sorpresas<\/span>.<\/p>\n<p>[intense_google_docs_viewer document=&#8221;3242&#8243;] [\/intense_google_docs_viewer]<\/p>\n","protected":false},"excerpt":{"rendered":"<p>WLA ES March 11-15 It\u2019s time to let our teachers and staff know how special they are and to thank them for all they do for our children every day! We have planned something special for each day of the week and hope you will be able to participate in at least some of the [&hellip;]<\/p>\n","protected":false},"author":12,"featured_media":0,"parent":0,"menu_order":0,"comment_status":"closed","ping_status":"closed","template":"","meta":{"_monsterinsights_skip_tracking":false,"_monsterinsights_sitenote_active":false,"_monsterinsights_sitenote_note":"","_monsterinsights_sitenote_category":0,"footnotes":""},"class_list":["post-3234","page","type-page","status-publish","hentry"],"_links":{"self":[{"href":"https:\/\/wla.hallco.org\/web\/wp-json\/wp\/v2\/pages\/3234","targetHints":{"allow":["GET"]}}],"collection":[{"href":"https:\/\/wla.hallco.org\/web\/wp-json\/wp\/v2\/pages"}],"about":[{"href":"https:\/\/wla.hallco.org\/web\/wp-json\/wp\/v2\/types\/page"}],"author":[{"embeddable":true,"href":"https:\/\/wla.hallco.org\/web\/wp-json\/wp\/v2\/users\/12"}],"replies":[{"embeddable":true,"href":"https:\/\/wla.hallco.org\/web\/wp-json\/wp\/v2\/comments?post=3234"}],"version-history":[{"count":0,"href":"https:\/\/wla.hallco.org\/web\/wp-json\/wp\/v2\/pages\/3234\/revisions"}],"wp:attachment":[{"href":"https:\/\/wla.hallco.org\/web\/wp-json\/wp\/v2\/media?parent=3234"}],"curies":[{"name":"wp","href":"https:\/\/api.w.org\/{rel}","templated":true}]}}